{"id":3,"date":"2024-06-19T09:02:03","date_gmt":"2024-06-19T09:02:03","guid":{"rendered":"http:\/\/zrm-transport.pl\/?page_id=3"},"modified":"2024-06-24T08:30:41","modified_gmt":"2024-06-24T08:30:41","slug":"privacy-policy","status":"publish","type":"page","link":"https:\/\/zrm-transport.pl\/?page_id=3","title":{"rendered":"Privacy Policy"},"content":{"rendered":"\t\t<div data-elementor-type=\"wp-page\" data-elementor-id=\"3\" class=\"elementor elementor-3\">\n\t\t\t\t<div class=\"elementor-element elementor-element-75cd8ed7 e-flex e-con-boxed e-con e-parent\" data-id=\"75cd8ed7\" data-element_type=\"container\" data-e-type=\"container\">\n\t\t\t\t\t<div class=\"e-con-inner\">\n\t\t\t\t<div class=\"elementor-element elementor-element-6fe24dec elementor-widget elementor-widget-text-editor\" data-id=\"6fe24dec\" data-element_type=\"widget\" data-e-type=\"widget\" data-widget_type=\"text-editor.default\">\n\t\t\t\t<div class=\"elementor-widget-container\">\n\t\t\t\t\t\t\t\t\t\n<p><br \/><strong>Polityka Prywatno\u015bci<\/strong><br \/><strong>Informacje og\u00f3lne<\/strong><br \/>Niniejsza polityka prywatno\u015bci okre\u015bla zasady przetwarzania i ochrony danych osobowych przekazywanych przez U\u017cytkownik\u00f3w w zwi\u0105zku z korzystaniem przez nich z us\u0142ug oferowanych przez firm\u0119 ZRM LEDZI\u0143SCY SP\u00d3\u0141KA JAWNA TOMASZ LEDZI\u0143SKI, AGNIESZKA HOFMAN, z siedzib\u0105 przy ul. Bydgoskiej 1, 86-100 \u015awiecie, Polska, NIP: 5591571730, KRS: 0000380005, REGON: 091504037.<\/p>\n<p><strong>Administrator danych osobowych<\/strong><br \/>Administratorem danych osobowych jest ZRM LEDZI\u0143SCY SP\u00d3\u0141KA JAWNA TOMASZ LEDZI\u0143SKI, AGNIESZKA HOFMAN, z siedzib\u0105 przy ul. Bydgoskiej 1, 86-100 \u015awiecie, Polska. W razie pyta\u0144 dotycz\u0105cych przetwarzania danych osobowych, prosimy o kontakt na adres e-mail: info@zrm-group.pl.<\/p>\n<p><strong>Zakres i cel zbierania danych<\/strong><br \/>Zbieramy i przetwarzamy dane osobowe U\u017cytkownik\u00f3w w celu:<\/p>\n<p>\u015bwiadczenia us\u0142ug zgodnie z umowami zawartymi z U\u017cytkownikami,<br \/>prowadzenia dzia\u0142a\u0144 marketingowych, promocyjnych i informacyjnych,<br \/>prowadzenia statystyk i analiz dotycz\u0105cych korzystania z naszych us\u0142ug.<br \/>Rodzaje przetwarzanych danych<br \/>Przetwarzamy nast\u0119puj\u0105ce rodzaje danych osobowych:<\/p>\n<ul>\n<li>dane identyfikacyjne (np. imi\u0119 i nazwisko),<\/li>\n<li>dane kontaktowe (np. adres e-mail, numer telefonu),<\/li>\n<li>dane niezb\u0119dne do realizacji us\u0142ug (np. adres zamieszkania, NIP).<br \/><strong><br \/><\/strong><\/li>\n<\/ul>\n<p><strong>Podstawa prawna przetwarzania danych<\/strong><br \/>Przetwarzanie danych osobowych odbywa si\u0119 na podstawie:<\/p>\n<p>zgody udzielonej przez U\u017cytkownika,<br \/>niezb\u0119dno\u015bci do wykonania umowy, kt\u00f3rej stron\u0105 jest U\u017cytkownik,<br \/>prawnie uzasadnionych interes\u00f3w realizowanych przez Administratora.<br \/><strong>Udost\u0119pnianie danych<\/strong><br \/>Dane osobowe U\u017cytkownik\u00f3w mog\u0105 by\u0107 udost\u0119pniane:<\/p>\n<p>podmiotom przetwarzaj\u0105cym dane w imieniu Administratora na podstawie um\u00f3w powierzenia przetwarzania danych,<br \/>podmiotom uprawnionym do ich uzyskania na podstawie obowi\u0105zuj\u0105cych przepis\u00f3w prawa.<br \/>Prawa U\u017cytkownik\u00f3w<br \/>U\u017cytkownikom przys\u0142uguje prawo do:<\/p>\n<p>dost\u0119pu do swoich danych osobowych,<br \/>sprostowania, usuni\u0119cia lub ograniczenia przetwarzania swoich danych,<br \/>wniesienia sprzeciwu wobec przetwarzania,<br \/>przenoszenia danych,<br \/>cofni\u0119cia zgody na przetwarzanie danych w dowolnym momencie.<br \/>Okres przechowywania danych<br \/>Dane osobowe U\u017cytkownik\u00f3w b\u0119d\u0105 przechowywane przez okres niezb\u0119dny do realizacji cel\u00f3w, dla kt\u00f3rych zosta\u0142y zebrane, lub do momentu wycofania zgody przez U\u017cytkownika.<\/p>\n<p><strong>Bezpiecze\u0144stwo danych<\/strong><br \/>Administrator stosuje odpowiednie \u015brodki techniczne i organizacyjne w celu ochrony danych osobowych przed ich przypadkowym lub niezgodnym z prawem zniszczeniem, utrat\u0105, modyfikacj\u0105, nieuprawnionym ujawnieniem lub dost\u0119pem.<\/p>\n<p><strong>Zmiany w polityce prywatno\u015bci<\/strong><br \/>Administrator zastrzega sobie prawo do wprowadzania zmian w niniejszej polityce prywatno\u015bci. Wszelkie zmiany b\u0119d\u0105 publikowane na stronie internetowej.<\/p>\n<p>Kontakt<br \/>W razie pyta\u0144 lub w\u0105tpliwo\u015bci dotycz\u0105cych niniejszej polityki prywatno\u015bci, prosimy o kontakt na adres e-mail: info@zrm-group.pl.<\/p>\n<p>ZRM LEDZI\u0143SCY SP\u00d3\u0141KA JAWNA TOMASZ LEDZI\u0143SKI, AGNIESZKA HOFMAN<br \/>NIP: 5591571730<br \/>KRS: 0000380005<br \/>REGON: 091504037<br \/>Adres: Bydgoska 1, 86-100 \u015awiecie, Polska<br \/>E-mail: info@zrm-group.pl<\/p>\n\t\t\t\t\t\t\t\t<\/div>\n\t\t\t\t<\/div>\n\t\t\t\t\t<\/div>\n\t\t\t\t<\/div>\n\t\t\t\t<\/div>\n\t\t","protected":false},"excerpt":{"rendered":"<p>Polityka Prywatno\u015bciInformacje og\u00f3lneNiniejsza polityka prywatno\u015bci okre\u015bla zasady przetwarzania i ochrony danych osobowych przekazywanych przez U\u017cytkownik\u00f3w w zwi\u0105zku z korzystaniem przez nich z us\u0142ug oferowanych przez firm\u0119 ZRM LEDZI\u0143SCY SP\u00d3\u0141KA JAWNA TOMASZ LEDZI\u0143SKI, AGNIESZKA HOFMAN, z siedzib\u0105 przy ul. Bydgoskiej 1, 86-100 \u015awiecie, Polska, NIP: 5591571730, KRS: 0000380005, REGON: 091504037. Administrator [&hellip;]<\/p>\n","protected":false},"author":1,"featured_media":0,"parent":0,"menu_order":0,"comment_status":"closed","ping_status":"open","template":"elementor_header_footer","meta":{"_eb_attr":"","footnotes":""},"class_list":["post-3","page","type-page","status-publish","hentry"],"_links":{"self":[{"href":"https:\/\/zrm-transport.pl\/index.php?rest_route=\/wp\/v2\/pages\/3","targetHints":{"allow":["GET"]}}],"collection":[{"href":"https:\/\/zrm-transport.pl\/index.php?rest_route=\/wp\/v2\/pages"}],"about":[{"href":"https:\/\/zrm-transport.pl\/index.php?rest_route=\/wp\/v2\/types\/page"}],"author":[{"embeddable":true,"href":"https:\/\/zrm-transport.pl\/index.php?rest_route=\/wp\/v2\/users\/1"}],"replies":[{"embeddable":true,"href":"https:\/\/zrm-transport.pl\/index.php?rest_route=%2Fwp%2Fv2%2Fcomments&post=3"}],"version-history":[{"count":6,"href":"https:\/\/zrm-transport.pl\/index.php?rest_route=\/wp\/v2\/pages\/3\/revisions"}],"predecessor-version":[{"id":289,"href":"https:\/\/zrm-transport.pl\/index.php?rest_route=\/wp\/v2\/pages\/3\/revisions\/289"}],"wp:attachment":[{"href":"https:\/\/zrm-transport.pl\/index.php?rest_route=%2Fwp%2Fv2%2Fmedia&parent=3"}],"curies":[{"name":"wp","href":"https:\/\/api.w.org\/{rel}","templated":true}]}}